{"id":28739,"date":"2026-02-11T18:36:39","date_gmt":"2026-02-11T17:36:39","guid":{"rendered":"https:\/\/srv99953.seohost.com.pl\/testfxx\/?post_type=product&#038;p=28739"},"modified":"2026-03-20T14:31:27","modified_gmt":"2026-03-20T13:31:27","slug":"kalkulator-obligacji-detalicznych","status":"publish","type":"product","link":"https:\/\/insiderfx.pl\/en\/sklep\/kalkulator-obligacji-detalicznych\/","title":{"rendered":"Kalkulator obligacji detalicznych"},"content":{"rendered":"<div data-elementor-type=\"product-post\" data-elementor-id=\"28739\" class=\"elementor elementor-28739\" data-elementor-post-type=\"product\">\n\t\t\t\t<div class=\"elementor-element elementor-element-145f967 e-flex e-con-boxed e-con e-parent\" data-id=\"145f967\" data-element_type=\"container\" data-e-type=\"container\">\n\t\t\t\t\t<div class=\"e-con-inner\">\n\t\t\t\t<div class=\"elementor-element elementor-element-2e251f3 elementor-widget elementor-widget-text-editor\" data-id=\"2e251f3\" data-element_type=\"widget\" data-e-type=\"widget\" data-widget_type=\"text-editor.default\">\n\t\t\t\t\t\t\t\t\t<p>Wyb\u00f3r mi\u0119dzy obligacjami typu TOS, COI czy EDO bywa problematyczny. Czy lepiej wybra\u0107 3-letnie ze sta\u0142ym oprocentowaniem, czy 10-letnie indeksowane inflacj\u0105? Ile moich zysk\u00f3w \u201ezje\u201d podatek Belki? Co z op\u0142atami za wcze\u015bniejszy wykup? Jedyny na rynku tak kompleksowy kalkulator zrobi to za Ciebie w kilka sekund. Por\u00f3wnaj wszystkie dost\u0119pne obligacje skarbowe na jednym czytelnym panelu.<\/p><h4>Kluczowe funkcjonalno\u015bci<\/h4><ul><li><strong>Kompletny przegl\u0105d rynku:<\/strong> Por\u00f3wnanie wszystkich typ\u00f3w detalicznych obligacji skarbowych (OTS, ROR, DOR, TOS, COI, EDO, ROS, ROD) w jednym miejscu.<\/li><li><strong>Intuicyjny panel wynikowy:<\/strong> Od razu widzisz stop\u0119 zwrotu netto, ca\u0142kowity zysk w z\u0142ot\u00f3wkach oraz \u015brednioroczn\u0105 stop\u0119 zwrotu netto (najlepsza miara por\u00f3wnawcza).<\/li><li><strong>Oszcz\u0119dzanie bez podatku (IKE\/IKZE):<\/strong> Jednym klikni\u0119ciem sprawdzisz, o ile wi\u0119cej zarobisz, inwestuj\u0105c w ramach kont emerytalnych.<\/li><li><strong>Analiza wcze\u015bniejszego zako\u0144czenia inwestycji:<\/strong> Unikalna funkcja obliczania zysku przy przedterminowym wykupie (z uwzgl\u0119dnieniem op\u0142at narzuconych przez Ministerstwo Finans\u00f3w).<\/li><li><strong>Opcja zmiany op\u0142at za wcze\u015bniejszy wykup: <\/strong>Op\u0142aty zmienia\u0142y si\u0119 na przestrzeni czasu, dzi\u0119ki tej opcji kalkulator jest pomocny zar\u00f3wno dla obecnych jak i przysz\u0142ych inwestor\u00f3w.<\/li><li><strong>Aktualno\u015b\u0107 i precyzja:<\/strong> Mo\u017cliwo\u015b\u0107 wprowadzania w\u0142asnych dat zakupu, kwot inwestycji oraz typ\u00f3w obligacji do por\u00f3wnania.<\/li><\/ul>\t\t\t\t\t\t\t\t<\/div>\n\t\t\t\t<div class=\"elementor-element elementor-element-dbb498c elementor-widget__width-initial elementor-widget elementor-widget-video\" data-id=\"dbb498c\" data-element_type=\"widget\" data-e-type=\"widget\" data-settings=\"{&quot;youtube_url&quot;:&quot;https:\\\/\\\/youtu.be\\\/4asihGH2YGw&quot;,&quot;video_type&quot;:&quot;youtube&quot;,&quot;controls&quot;:&quot;yes&quot;}\" data-widget_type=\"video.default\">\n\t\t\t\t\t\t\t<div class=\"elementor-wrapper elementor-open-inline\">\n\t\t\t<div class=\"elementor-video\"><\/div>\t\t<\/div>\n\t\t\t\t\t\t<\/div>\n\t\t\t\t<div class=\"elementor-element elementor-element-796831f elementor-widget-divider--view-line elementor-widget elementor-widget-divider\" data-id=\"796831f\" data-element_type=\"widget\" data-e-type=\"widget\" data-widget_type=\"divider.default\">\n\t\t\t\t\t\t\t<div class=\"elementor-divider\">\n\t\t\t<span class=\"elementor-divider-separator\">\n\t\t\t\t\t\t<\/span>\n\t\t<\/div>\n\t\t\t\t\t\t<\/div>\n\t\t\t\t<div class=\"elementor-element elementor-element-2352b45 elementor-widget elementor-widget-text-editor\" data-id=\"2352b45\" data-element_type=\"widget\" data-e-type=\"widget\" data-widget_type=\"text-editor.default\">\n\t\t\t\t\t\t\t\t\t<p>Pobieraj\u0105c ten produkt jako zalogowany u\u017cytkownik, otrzymujesz <strong>do\u017cywotni\u0105 gwarancj\u0119 darmowych aktualizacji<\/strong>.<\/p>\t\t\t\t\t\t\t\t<\/div>\n\t\t\t\t\t<\/div>\n\t\t\t\t<\/div>\n\t\t\t\t<\/div>","protected":false},"excerpt":{"rendered":"<p>Produkt dost\u0119pny wy\u0142\u0105cznie dla zalogowanych u\u017cytkownik\u00f3w<\/p>","protected":false},"featured_media":30322,"comment_status":"open","ping_status":"closed","template":"","meta":{"_glsr_average":0,"_glsr_ranking":0,"_glsr_reviews":0},"product_brand":[],"product_cat":[5961],"product_tag":[],"class_list":{"0":"post-28739","1":"product","2":"type-product","3":"status-publish","4":"has-post-thumbnail","6":"product_cat-kalkulatory-finansowe-excel","8":"first","9":"instock","10":"downloadable","11":"virtual","12":"product-type-simple"},"yoast_head":"<!-- This site is optimized with the Yoast SEO plugin v27.2 - https:\/\/yoast.com\/product\/yoast-seo-wordpress\/ -->\n<title>Kalkulator obligacji detalicznych - InsiderFX | Finanse bez stresu<\/title>\n<meta name=\"description\" content=\"Jedyny na rynku tak kompleksowy kalkulator dla obligacji detalicznych. Por\u00f3wnaj wszystkie dost\u0119pne obligacje skarbowe na jednym czytelnym panelu.\" \/>\n<meta name=\"robots\" content=\"index, follow, max-snippet:-1, max-image-preview:large, max-video-preview:-1\" \/>\n<link rel=\"canonical\" href=\"https:\/\/insiderfx.pl\/en\/sklep\/kalkulator-obligacji-detalicznych\/\" \/>\n<meta property=\"og:locale\" content=\"en_US\" \/>\n<meta property=\"og:type\" content=\"article\" \/>\n<meta property=\"og:title\" content=\"Kalkulator obligacji detalicznych - InsiderFX | Finanse bez stresu\" \/>\n<meta property=\"og:description\" content=\"Jedyny na rynku tak kompleksowy kalkulator dla obligacji detalicznych. Por\u00f3wnaj wszystkie dost\u0119pne obligacje skarbowe na jednym czytelnym panelu.\" \/>\n<meta property=\"og:url\" content=\"https:\/\/insiderfx.pl\/en\/sklep\/kalkulator-obligacji-detalicznych\/\" \/>\n<meta property=\"og:site_name\" content=\"InsiderFX | Finanse bez stresu\" \/>\n<meta property=\"article:publisher\" content=\"https:\/\/www.facebook.com\/arkadiuszbalcerowski.insiderfx\" \/>\n<meta property=\"article:modified_time\" content=\"2026-03-20T13:31:27+00:00\" \/>\n<meta property=\"og:image\" content=\"https:\/\/insiderfx.pl\/wp-content\/uploads\/2026\/03\/screen-kalkulator-obligacji-detalicznych.png\" \/>\n\t<meta property=\"og:image:width\" content=\"1599\" \/>\n\t<meta property=\"og:image:height\" content=\"1025\" \/>\n\t<meta property=\"og:image:type\" content=\"image\/png\" \/>\n<meta name=\"twitter:card\" content=\"summary_large_image\" \/>\n<meta name=\"twitter:site\" content=\"@Insider_FX\" \/>\n<meta name=\"twitter:label1\" content=\"Est. reading time\" \/>\n\t<meta name=\"twitter:data1\" content=\"2 minutes\" \/>\n<script type=\"application\/ld+json\" class=\"yoast-schema-graph\">{\"@context\":\"https:\/\/schema.org\",\"@graph\":[{\"@type\":\"WebPage\",\"@id\":\"https:\/\/insiderfx.pl\/sklep\/kalkulator-obligacji-detalicznych\/\",\"url\":\"https:\/\/insiderfx.pl\/sklep\/kalkulator-obligacji-detalicznych\/\",\"name\":\"Kalkulator obligacji detalicznych - InsiderFX | Finanse bez stresu\",\"isPartOf\":{\"@id\":\"https:\/\/insiderfx.pl\/#website\"},\"primaryImageOfPage\":{\"@id\":\"https:\/\/insiderfx.pl\/sklep\/kalkulator-obligacji-detalicznych\/#primaryimage\"},\"image\":{\"@id\":\"https:\/\/insiderfx.pl\/sklep\/kalkulator-obligacji-detalicznych\/#primaryimage\"},\"thumbnailUrl\":\"https:\/\/insiderfx.pl\/wp-content\/uploads\/2026\/03\/screen-kalkulator-obligacji-detalicznych.png\",\"datePublished\":\"2026-02-11T17:36:39+00:00\",\"dateModified\":\"2026-03-20T13:31:27+00:00\",\"description\":\"Jedyny na rynku tak kompleksowy kalkulator dla obligacji detalicznych. Por\u00f3wnaj wszystkie dost\u0119pne obligacje skarbowe na jednym czytelnym panelu.\",\"breadcrumb\":{\"@id\":\"https:\/\/insiderfx.pl\/sklep\/kalkulator-obligacji-detalicznych\/#breadcrumb\"},\"inLanguage\":\"en-US\",\"potentialAction\":[{\"@type\":\"ReadAction\",\"target\":[\"https:\/\/insiderfx.pl\/sklep\/kalkulator-obligacji-detalicznych\/\"]}]},{\"@type\":\"ImageObject\",\"inLanguage\":\"en-US\",\"@id\":\"https:\/\/insiderfx.pl\/sklep\/kalkulator-obligacji-detalicznych\/#primaryimage\",\"url\":\"https:\/\/insiderfx.pl\/wp-content\/uploads\/2026\/03\/screen-kalkulator-obligacji-detalicznych.png\",\"contentUrl\":\"https:\/\/insiderfx.pl\/wp-content\/uploads\/2026\/03\/screen-kalkulator-obligacji-detalicznych.png\",\"width\":1599,\"height\":1025},{\"@type\":\"BreadcrumbList\",\"@id\":\"https:\/\/insiderfx.pl\/sklep\/kalkulator-obligacji-detalicznych\/#breadcrumb\",\"itemListElement\":[{\"@type\":\"ListItem\",\"position\":1,\"name\":\"Strona g\u0142\u00f3wna\",\"item\":\"https:\/\/insiderfx.pl\/\"},{\"@type\":\"ListItem\",\"position\":2,\"name\":\"Sklep\",\"item\":\"https:\/\/insiderfx.pl\/sklep\/\"},{\"@type\":\"ListItem\",\"position\":3,\"name\":\"Kalkulator obligacji detalicznych\"}]},{\"@type\":\"WebSite\",\"@id\":\"https:\/\/insiderfx.pl\/#website\",\"url\":\"https:\/\/insiderfx.pl\/\",\"name\":\"InsiderFX | Finanse bez stresu\",\"description\":\"Twoje wsparcie w zarz\u0105dzaniu finansami osobistymi\",\"publisher\":{\"@id\":\"https:\/\/insiderfx.pl\/#organization\"},\"potentialAction\":[{\"@type\":\"SearchAction\",\"target\":{\"@type\":\"EntryPoint\",\"urlTemplate\":\"https:\/\/insiderfx.pl\/?s={search_term_string}\"},\"query-input\":{\"@type\":\"PropertyValueSpecification\",\"valueRequired\":true,\"valueName\":\"search_term_string\"}}],\"inLanguage\":\"en-US\"},{\"@type\":\"Organization\",\"@id\":\"https:\/\/insiderfx.pl\/#organization\",\"name\":\"InsiderFX | Finanse bez stresu\",\"url\":\"https:\/\/insiderfx.pl\/\",\"logo\":{\"@type\":\"ImageObject\",\"inLanguage\":\"en-US\",\"@id\":\"https:\/\/insiderfx.pl\/#\/schema\/logo\/image\/\",\"url\":\"https:\/\/insiderfx.pl\/wp-content\/uploads\/2025\/12\/InsiderFX_white1.svg\",\"contentUrl\":\"https:\/\/insiderfx.pl\/wp-content\/uploads\/2025\/12\/InsiderFX_white1.svg\",\"width\":210,\"height\":100,\"caption\":\"InsiderFX | Finanse bez stresu\"},\"image\":{\"@id\":\"https:\/\/insiderfx.pl\/#\/schema\/logo\/image\/\"},\"sameAs\":[\"https:\/\/www.facebook.com\/arkadiuszbalcerowski.insiderfx\",\"https:\/\/x.com\/Insider_FX\",\"https:\/\/www.youtube.com\/@InsiderFX_FinanseBezStresu\",\"https:\/\/www.instagram.com\/insiderfx.finanse.bez.stresu\/\",\"https:\/\/www.tiktok.com\/@insiderfx.finanse\",\"https:\/\/www.linkedin.com\/in\/arkadiusz-balcerowski-cfa-53615914a\/\"]}]}<\/script>\n<!-- \/ Yoast SEO plugin. -->","yoast_head_json":{"title":"Kalkulator obligacji detalicznych - InsiderFX | Finanse bez stresu","description":"Jedyny na rynku tak kompleksowy kalkulator dla obligacji detalicznych. Por\u00f3wnaj wszystkie dost\u0119pne obligacje skarbowe na jednym czytelnym panelu.","robots":{"index":"index","follow":"follow","max-snippet":"max-snippet:-1","max-image-preview":"max-image-preview:large","max-video-preview":"max-video-preview:-1"},"canonical":"https:\/\/insiderfx.pl\/en\/sklep\/kalkulator-obligacji-detalicznych\/","og_locale":"en_US","og_type":"article","og_title":"Kalkulator obligacji detalicznych - InsiderFX | Finanse bez stresu","og_description":"Jedyny na rynku tak kompleksowy kalkulator dla obligacji detalicznych. Por\u00f3wnaj wszystkie dost\u0119pne obligacje skarbowe na jednym czytelnym panelu.","og_url":"https:\/\/insiderfx.pl\/en\/sklep\/kalkulator-obligacji-detalicznych\/","og_site_name":"InsiderFX | Finanse bez stresu","article_publisher":"https:\/\/www.facebook.com\/arkadiuszbalcerowski.insiderfx","article_modified_time":"2026-03-20T13:31:27+00:00","og_image":[{"width":1599,"height":1025,"url":"https:\/\/insiderfx.pl\/wp-content\/uploads\/2026\/03\/screen-kalkulator-obligacji-detalicznych.png","type":"image\/png"}],"twitter_card":"summary_large_image","twitter_site":"@Insider_FX","twitter_misc":{"Est. reading time":"2 minutes"},"schema":{"@context":"https:\/\/schema.org","@graph":[{"@type":"WebPage","@id":"https:\/\/insiderfx.pl\/sklep\/kalkulator-obligacji-detalicznych\/","url":"https:\/\/insiderfx.pl\/sklep\/kalkulator-obligacji-detalicznych\/","name":"Kalkulator obligacji detalicznych - InsiderFX | Finanse bez stresu","isPartOf":{"@id":"https:\/\/insiderfx.pl\/#website"},"primaryImageOfPage":{"@id":"https:\/\/insiderfx.pl\/sklep\/kalkulator-obligacji-detalicznych\/#primaryimage"},"image":{"@id":"https:\/\/insiderfx.pl\/sklep\/kalkulator-obligacji-detalicznych\/#primaryimage"},"thumbnailUrl":"https:\/\/insiderfx.pl\/wp-content\/uploads\/2026\/03\/screen-kalkulator-obligacji-detalicznych.png","datePublished":"2026-02-11T17:36:39+00:00","dateModified":"2026-03-20T13:31:27+00:00","description":"Jedyny na rynku tak kompleksowy kalkulator dla obligacji detalicznych. Por\u00f3wnaj wszystkie dost\u0119pne obligacje skarbowe na jednym czytelnym panelu.","breadcrumb":{"@id":"https:\/\/insiderfx.pl\/sklep\/kalkulator-obligacji-detalicznych\/#breadcrumb"},"inLanguage":"en-US","potentialAction":[{"@type":"ReadAction","target":["https:\/\/insiderfx.pl\/sklep\/kalkulator-obligacji-detalicznych\/"]}]},{"@type":"ImageObject","inLanguage":"en-US","@id":"https:\/\/insiderfx.pl\/sklep\/kalkulator-obligacji-detalicznych\/#primaryimage","url":"https:\/\/insiderfx.pl\/wp-content\/uploads\/2026\/03\/screen-kalkulator-obligacji-detalicznych.png","contentUrl":"https:\/\/insiderfx.pl\/wp-content\/uploads\/2026\/03\/screen-kalkulator-obligacji-detalicznych.png","width":1599,"height":1025},{"@type":"BreadcrumbList","@id":"https:\/\/insiderfx.pl\/sklep\/kalkulator-obligacji-detalicznych\/#breadcrumb","itemListElement":[{"@type":"ListItem","position":1,"name":"Strona g\u0142\u00f3wna","item":"https:\/\/insiderfx.pl\/"},{"@type":"ListItem","position":2,"name":"Sklep","item":"https:\/\/insiderfx.pl\/sklep\/"},{"@type":"ListItem","position":3,"name":"Kalkulator obligacji detalicznych"}]},{"@type":"WebSite","@id":"https:\/\/insiderfx.pl\/#website","url":"https:\/\/insiderfx.pl\/","name":"InsiderFX | Finanse bez stresu","description":"Twoje wsparcie w zarz\u0105dzaniu finansami osobistymi","publisher":{"@id":"https:\/\/insiderfx.pl\/#organization"},"potentialAction":[{"@type":"SearchAction","target":{"@type":"EntryPoint","urlTemplate":"https:\/\/insiderfx.pl\/?s={search_term_string}"},"query-input":{"@type":"PropertyValueSpecification","valueRequired":true,"valueName":"search_term_string"}}],"inLanguage":"en-US"},{"@type":"Organization","@id":"https:\/\/insiderfx.pl\/#organization","name":"InsiderFX | Finanse bez stresu","url":"https:\/\/insiderfx.pl\/","logo":{"@type":"ImageObject","inLanguage":"en-US","@id":"https:\/\/insiderfx.pl\/#\/schema\/logo\/image\/","url":"https:\/\/insiderfx.pl\/wp-content\/uploads\/2025\/12\/InsiderFX_white1.svg","contentUrl":"https:\/\/insiderfx.pl\/wp-content\/uploads\/2025\/12\/InsiderFX_white1.svg","width":210,"height":100,"caption":"InsiderFX | Finanse bez stresu"},"image":{"@id":"https:\/\/insiderfx.pl\/#\/schema\/logo\/image\/"},"sameAs":["https:\/\/www.facebook.com\/arkadiuszbalcerowski.insiderfx","https:\/\/x.com\/Insider_FX","https:\/\/www.youtube.com\/@InsiderFX_FinanseBezStresu","https:\/\/www.instagram.com\/insiderfx.finanse.bez.stresu\/","https:\/\/www.tiktok.com\/@insiderfx.finanse","https:\/\/www.linkedin.com\/in\/arkadiusz-balcerowski-cfa-53615914a\/"]}]}},"_links":{"self":[{"href":"https:\/\/insiderfx.pl\/en\/wp-json\/wp\/v2\/product\/28739","targetHints":{"allow":["GET"]}}],"collection":[{"href":"https:\/\/insiderfx.pl\/en\/wp-json\/wp\/v2\/product"}],"about":[{"href":"https:\/\/insiderfx.pl\/en\/wp-json\/wp\/v2\/types\/product"}],"replies":[{"embeddable":true,"href":"https:\/\/insiderfx.pl\/en\/wp-json\/wp\/v2\/comments?post=28739"}],"version-history":[{"count":17,"href":"https:\/\/insiderfx.pl\/en\/wp-json\/wp\/v2\/product\/28739\/revisions"}],"predecessor-version":[{"id":30576,"href":"https:\/\/insiderfx.pl\/en\/wp-json\/wp\/v2\/product\/28739\/revisions\/30576"}],"wp:featuredmedia":[{"embeddable":true,"href":"https:\/\/insiderfx.pl\/en\/wp-json\/wp\/v2\/media\/30322"}],"wp:attachment":[{"href":"https:\/\/insiderfx.pl\/en\/wp-json\/wp\/v2\/media?parent=28739"}],"wp:term":[{"taxonomy":"product_brand","embeddable":true,"href":"https:\/\/insiderfx.pl\/en\/wp-json\/wp\/v2\/product_brand?post=28739"},{"taxonomy":"product_cat","embeddable":true,"href":"https:\/\/insiderfx.pl\/en\/wp-json\/wp\/v2\/product_cat?post=28739"},{"taxonomy":"product_tag","embeddable":true,"href":"https:\/\/insiderfx.pl\/en\/wp-json\/wp\/v2\/product_tag?post=28739"}],"curies":[{"name":"wp","href":"https:\/\/api.w.org\/{rel}","templated":true}]}}