{"id":30890,"date":"2026-02-08T21:32:34","date_gmt":"2026-02-08T20:32:34","guid":{"rendered":"https:\/\/insiderfx.pl\/?post_type=product&#038;p=30890"},"modified":"2026-04-08T21:48:04","modified_gmt":"2026-04-08T19:48:04","slug":"weryfikator-impulsywnych-zakupow","status":"publish","type":"product","link":"https:\/\/insiderfx.pl\/en\/sklep\/weryfikator-impulsywnych-zakupow\/","title":{"rendered":"Weryfikator impulsywnych zakup\u00f3w"},"content":{"rendered":"<p data-path-to-node=\"4\">Ile razy kupi\u0142e\u015b co\u015b pod wp\u0142ywem impulsu, a potem le\u017ca\u0142o nieu\u017cywane? Ten intuicyjny arkusz Excel to Tw\u00f3j osobisty \u201ehamulec bezpiecze\u0144stwa\u201d. Dzia\u0142a prosto:<\/p>\n<ol start=\"1\" data-path-to-node=\"5\">\n<li>\n<p data-path-to-node=\"5,0,0\">Wpisujesz swoje zarobki i czas pracy.<\/p>\n<\/li>\n<li>\n<p data-path-to-node=\"5,1,0\">Ustalasz w\u0142asne progi (np. co jest \u201edrobnym wydatkiem\u201d, a co \u201epowa\u017cn\u0105 inwestycj\u0105\u201d).<\/p>\n<\/li>\n<li>\n<p data-path-to-node=\"5,2,0\">Wpisujesz cen\u0119 produktu.<\/p>\n<\/li>\n<\/ol>\n<p data-path-to-node=\"6\"><b data-path-to-node=\"6\" data-index-in-node=\"0\">Efekt?<\/b> Zamiast \u201etylko 152 z\u0142\u201d, widzisz \u201e3 godziny i 2 minuty siedzenia w pracy\u201d. Czy ten przedmiot jest wart tylu godzin Twojego \u017cycia?<\/p>\n<p data-path-to-node=\"7\">\u2705 <b data-path-to-node=\"7\" data-index-in-node=\"2\">Pe\u0142na mobilno\u015b\u0107:<\/b><\/p>\n<ul>\n<li data-path-to-node=\"7\">Dzia\u0142a idealnie zar\u00f3wno na komputerze, jak i w aplikacji Excel na telefonie \u2013 mo\u017cesz sprawdzi\u0107 wydatek bezpo\u015brednio przy sklepowej p\u00f3\u0142ce!<\/li>\n<li data-path-to-node=\"7\">Przechowuj\u0105c plik w chmurze OneDrive zachowujesz pe\u0142n\u0105 synchronizacj\u0119 mi\u0119dzy telefonem, a komputerem.<\/li>\n<li data-path-to-node=\"7\">Pami\u0119taj, by w wersji mobilnej Excel otwiera\u0107 weryfikator w &#8222;Widok kart&#8221;, co automatycznie przekonwertuje narz\u0119dzie w przyjazn\u0105 form\u0119 tabeli.<\/li>\n<\/ul>\n<p>&nbsp;<\/p>\n<hr \/>\n<p data-path-to-node=\"7\">\n<p data-path-to-node=\"7\">Pobieraj\u0105c ten produkt jako zalogowany u\u017cytkownik, otrzymujesz <strong>do\u017cywotni\u0105 gwarancj\u0119 darmowych aktualizacji<\/strong>.<\/p>","protected":false},"excerpt":{"rendered":"<p>Produkt dost\u0119pny wy\u0142\u0105cznie dla zalogowanych u\u017cytkownik\u00f3w<\/p>","protected":false},"featured_media":30893,"comment_status":"open","ping_status":"closed","template":"","meta":{"_glsr_average":0,"_glsr_ranking":0,"_glsr_reviews":0},"product_brand":[],"product_cat":[5961],"product_tag":[],"class_list":{"0":"post-30890","1":"product","2":"type-product","3":"status-publish","4":"has-post-thumbnail","6":"product_cat-kalkulatory-finansowe-excel","8":"first","9":"instock","10":"downloadable","11":"virtual","12":"product-type-simple"},"yoast_head":"<!-- This site is optimized with the Yoast SEO plugin v27.2 - https:\/\/yoast.com\/product\/yoast-seo-wordpress\/ -->\n<title>Weryfikator impulsywnych zakup\u00f3w - InsiderFX | Finanse bez stresu<\/title>\n<meta name=\"description\" content=\"Nie daj si\u0119 ponie\u015b\u0107 emocjom podczas zakup\u00f3w. Opanuj swoje wydatki z pomoc\u0105 weryfikatora impulsywnych wydatk\u00f3w. Pobierz za darmo na komputer i telefon!\" \/>\n<meta name=\"robots\" content=\"index, follow, max-snippet:-1, max-image-preview:large, max-video-preview:-1\" \/>\n<link rel=\"canonical\" href=\"https:\/\/insiderfx.pl\/en\/sklep\/weryfikator-impulsywnych-zakupow\/\" \/>\n<meta property=\"og:locale\" content=\"en_US\" \/>\n<meta property=\"og:type\" content=\"article\" \/>\n<meta property=\"og:title\" content=\"Weryfikator impulsywnych zakup\u00f3w - InsiderFX | Finanse bez stresu\" \/>\n<meta property=\"og:description\" content=\"Nie daj si\u0119 ponie\u015b\u0107 emocjom podczas zakup\u00f3w. Opanuj swoje wydatki z pomoc\u0105 weryfikatora impulsywnych wydatk\u00f3w. Pobierz za darmo na komputer i telefon!\" \/>\n<meta property=\"og:url\" content=\"https:\/\/insiderfx.pl\/en\/sklep\/weryfikator-impulsywnych-zakupow\/\" \/>\n<meta property=\"og:site_name\" content=\"InsiderFX | Finanse bez stresu\" \/>\n<meta property=\"article:publisher\" content=\"https:\/\/www.facebook.com\/arkadiuszbalcerowski.insiderfx\" \/>\n<meta property=\"article:modified_time\" content=\"2026-04-08T19:48:04+00:00\" \/>\n<meta property=\"og:image\" content=\"https:\/\/insiderfx.pl\/wp-content\/uploads\/2026\/04\/Zrzut-ekranu-2026-04-07-194556.png\" \/>\n\t<meta property=\"og:image:width\" content=\"742\" \/>\n\t<meta property=\"og:image:height\" content=\"603\" \/>\n\t<meta property=\"og:image:type\" content=\"image\/png\" \/>\n<meta name=\"twitter:card\" content=\"summary_large_image\" \/>\n<meta name=\"twitter:site\" content=\"@Insider_FX\" \/>\n<meta name=\"twitter:label1\" content=\"Est. reading time\" \/>\n\t<meta name=\"twitter:data1\" content=\"1 minute\" \/>\n<script type=\"application\/ld+json\" class=\"yoast-schema-graph\">{\"@context\":\"https:\/\/schema.org\",\"@graph\":[{\"@type\":\"WebPage\",\"@id\":\"https:\/\/insiderfx.pl\/sklep\/weryfikator-impulsywnych-zakupow\/\",\"url\":\"https:\/\/insiderfx.pl\/sklep\/weryfikator-impulsywnych-zakupow\/\",\"name\":\"Weryfikator impulsywnych zakup\u00f3w - InsiderFX | Finanse bez stresu\",\"isPartOf\":{\"@id\":\"https:\/\/insiderfx.pl\/#website\"},\"primaryImageOfPage\":{\"@id\":\"https:\/\/insiderfx.pl\/sklep\/weryfikator-impulsywnych-zakupow\/#primaryimage\"},\"image\":{\"@id\":\"https:\/\/insiderfx.pl\/sklep\/weryfikator-impulsywnych-zakupow\/#primaryimage\"},\"thumbnailUrl\":\"https:\/\/insiderfx.pl\/wp-content\/uploads\/2026\/04\/Zrzut-ekranu-2026-04-07-194556.png\",\"datePublished\":\"2026-02-08T20:32:34+00:00\",\"dateModified\":\"2026-04-08T19:48:04+00:00\",\"description\":\"Nie daj si\u0119 ponie\u015b\u0107 emocjom podczas zakup\u00f3w. Opanuj swoje wydatki z pomoc\u0105 weryfikatora impulsywnych wydatk\u00f3w. Pobierz za darmo na komputer i telefon!\",\"breadcrumb\":{\"@id\":\"https:\/\/insiderfx.pl\/sklep\/weryfikator-impulsywnych-zakupow\/#breadcrumb\"},\"inLanguage\":\"en-US\",\"potentialAction\":[{\"@type\":\"ReadAction\",\"target\":[\"https:\/\/insiderfx.pl\/sklep\/weryfikator-impulsywnych-zakupow\/\"]}]},{\"@type\":\"ImageObject\",\"inLanguage\":\"en-US\",\"@id\":\"https:\/\/insiderfx.pl\/sklep\/weryfikator-impulsywnych-zakupow\/#primaryimage\",\"url\":\"https:\/\/insiderfx.pl\/wp-content\/uploads\/2026\/04\/Zrzut-ekranu-2026-04-07-194556.png\",\"contentUrl\":\"https:\/\/insiderfx.pl\/wp-content\/uploads\/2026\/04\/Zrzut-ekranu-2026-04-07-194556.png\",\"width\":742,\"height\":603,\"caption\":\"weryfikator impulsywnych wydatk\u00f3w 2\"},{\"@type\":\"BreadcrumbList\",\"@id\":\"https:\/\/insiderfx.pl\/sklep\/weryfikator-impulsywnych-zakupow\/#breadcrumb\",\"itemListElement\":[{\"@type\":\"ListItem\",\"position\":1,\"name\":\"Strona g\u0142\u00f3wna\",\"item\":\"https:\/\/insiderfx.pl\/\"},{\"@type\":\"ListItem\",\"position\":2,\"name\":\"Sklep\",\"item\":\"https:\/\/insiderfx.pl\/sklep\/\"},{\"@type\":\"ListItem\",\"position\":3,\"name\":\"Weryfikator impulsywnych zakup\u00f3w\"}]},{\"@type\":\"WebSite\",\"@id\":\"https:\/\/insiderfx.pl\/#website\",\"url\":\"https:\/\/insiderfx.pl\/\",\"name\":\"InsiderFX | Finanse bez stresu\",\"description\":\"Twoje wsparcie w zarz\u0105dzaniu finansami osobistymi\",\"publisher\":{\"@id\":\"https:\/\/insiderfx.pl\/#organization\"},\"potentialAction\":[{\"@type\":\"SearchAction\",\"target\":{\"@type\":\"EntryPoint\",\"urlTemplate\":\"https:\/\/insiderfx.pl\/?s={search_term_string}\"},\"query-input\":{\"@type\":\"PropertyValueSpecification\",\"valueRequired\":true,\"valueName\":\"search_term_string\"}}],\"inLanguage\":\"en-US\"},{\"@type\":\"Organization\",\"@id\":\"https:\/\/insiderfx.pl\/#organization\",\"name\":\"InsiderFX | Finanse bez stresu\",\"url\":\"https:\/\/insiderfx.pl\/\",\"logo\":{\"@type\":\"ImageObject\",\"inLanguage\":\"en-US\",\"@id\":\"https:\/\/insiderfx.pl\/#\/schema\/logo\/image\/\",\"url\":\"https:\/\/insiderfx.pl\/wp-content\/uploads\/2025\/12\/InsiderFX_white1.svg\",\"contentUrl\":\"https:\/\/insiderfx.pl\/wp-content\/uploads\/2025\/12\/InsiderFX_white1.svg\",\"width\":210,\"height\":100,\"caption\":\"InsiderFX | Finanse bez stresu\"},\"image\":{\"@id\":\"https:\/\/insiderfx.pl\/#\/schema\/logo\/image\/\"},\"sameAs\":[\"https:\/\/www.facebook.com\/arkadiuszbalcerowski.insiderfx\",\"https:\/\/x.com\/Insider_FX\",\"https:\/\/www.youtube.com\/@InsiderFX_FinanseBezStresu\",\"https:\/\/www.instagram.com\/insiderfx.finanse.bez.stresu\/\",\"https:\/\/www.tiktok.com\/@insiderfx.finanse\",\"https:\/\/www.linkedin.com\/in\/arkadiusz-balcerowski-cfa-53615914a\/\"]}]}<\/script>\n<!-- \/ Yoast SEO plugin. -->","yoast_head_json":{"title":"Weryfikator impulsywnych zakup\u00f3w - InsiderFX | Finanse bez stresu","description":"Nie daj si\u0119 ponie\u015b\u0107 emocjom podczas zakup\u00f3w. Opanuj swoje wydatki z pomoc\u0105 weryfikatora impulsywnych wydatk\u00f3w. Pobierz za darmo na komputer i telefon!","robots":{"index":"index","follow":"follow","max-snippet":"max-snippet:-1","max-image-preview":"max-image-preview:large","max-video-preview":"max-video-preview:-1"},"canonical":"https:\/\/insiderfx.pl\/en\/sklep\/weryfikator-impulsywnych-zakupow\/","og_locale":"en_US","og_type":"article","og_title":"Weryfikator impulsywnych zakup\u00f3w - InsiderFX | Finanse bez stresu","og_description":"Nie daj si\u0119 ponie\u015b\u0107 emocjom podczas zakup\u00f3w. Opanuj swoje wydatki z pomoc\u0105 weryfikatora impulsywnych wydatk\u00f3w. Pobierz za darmo na komputer i telefon!","og_url":"https:\/\/insiderfx.pl\/en\/sklep\/weryfikator-impulsywnych-zakupow\/","og_site_name":"InsiderFX | Finanse bez stresu","article_publisher":"https:\/\/www.facebook.com\/arkadiuszbalcerowski.insiderfx","article_modified_time":"2026-04-08T19:48:04+00:00","og_image":[{"width":742,"height":603,"url":"https:\/\/insiderfx.pl\/wp-content\/uploads\/2026\/04\/Zrzut-ekranu-2026-04-07-194556.png","type":"image\/png"}],"twitter_card":"summary_large_image","twitter_site":"@Insider_FX","twitter_misc":{"Est. reading time":"1 minute"},"schema":{"@context":"https:\/\/schema.org","@graph":[{"@type":"WebPage","@id":"https:\/\/insiderfx.pl\/sklep\/weryfikator-impulsywnych-zakupow\/","url":"https:\/\/insiderfx.pl\/sklep\/weryfikator-impulsywnych-zakupow\/","name":"Weryfikator impulsywnych zakup\u00f3w - InsiderFX | Finanse bez stresu","isPartOf":{"@id":"https:\/\/insiderfx.pl\/#website"},"primaryImageOfPage":{"@id":"https:\/\/insiderfx.pl\/sklep\/weryfikator-impulsywnych-zakupow\/#primaryimage"},"image":{"@id":"https:\/\/insiderfx.pl\/sklep\/weryfikator-impulsywnych-zakupow\/#primaryimage"},"thumbnailUrl":"https:\/\/insiderfx.pl\/wp-content\/uploads\/2026\/04\/Zrzut-ekranu-2026-04-07-194556.png","datePublished":"2026-02-08T20:32:34+00:00","dateModified":"2026-04-08T19:48:04+00:00","description":"Nie daj si\u0119 ponie\u015b\u0107 emocjom podczas zakup\u00f3w. Opanuj swoje wydatki z pomoc\u0105 weryfikatora impulsywnych wydatk\u00f3w. Pobierz za darmo na komputer i telefon!","breadcrumb":{"@id":"https:\/\/insiderfx.pl\/sklep\/weryfikator-impulsywnych-zakupow\/#breadcrumb"},"inLanguage":"en-US","potentialAction":[{"@type":"ReadAction","target":["https:\/\/insiderfx.pl\/sklep\/weryfikator-impulsywnych-zakupow\/"]}]},{"@type":"ImageObject","inLanguage":"en-US","@id":"https:\/\/insiderfx.pl\/sklep\/weryfikator-impulsywnych-zakupow\/#primaryimage","url":"https:\/\/insiderfx.pl\/wp-content\/uploads\/2026\/04\/Zrzut-ekranu-2026-04-07-194556.png","contentUrl":"https:\/\/insiderfx.pl\/wp-content\/uploads\/2026\/04\/Zrzut-ekranu-2026-04-07-194556.png","width":742,"height":603,"caption":"weryfikator impulsywnych wydatk\u00f3w 2"},{"@type":"BreadcrumbList","@id":"https:\/\/insiderfx.pl\/sklep\/weryfikator-impulsywnych-zakupow\/#breadcrumb","itemListElement":[{"@type":"ListItem","position":1,"name":"Strona g\u0142\u00f3wna","item":"https:\/\/insiderfx.pl\/"},{"@type":"ListItem","position":2,"name":"Sklep","item":"https:\/\/insiderfx.pl\/sklep\/"},{"@type":"ListItem","position":3,"name":"Weryfikator impulsywnych zakup\u00f3w"}]},{"@type":"WebSite","@id":"https:\/\/insiderfx.pl\/#website","url":"https:\/\/insiderfx.pl\/","name":"InsiderFX | Finanse bez stresu","description":"Twoje wsparcie w zarz\u0105dzaniu finansami osobistymi","publisher":{"@id":"https:\/\/insiderfx.pl\/#organization"},"potentialAction":[{"@type":"SearchAction","target":{"@type":"EntryPoint","urlTemplate":"https:\/\/insiderfx.pl\/?s={search_term_string}"},"query-input":{"@type":"PropertyValueSpecification","valueRequired":true,"valueName":"search_term_string"}}],"inLanguage":"en-US"},{"@type":"Organization","@id":"https:\/\/insiderfx.pl\/#organization","name":"InsiderFX | Finanse bez stresu","url":"https:\/\/insiderfx.pl\/","logo":{"@type":"ImageObject","inLanguage":"en-US","@id":"https:\/\/insiderfx.pl\/#\/schema\/logo\/image\/","url":"https:\/\/insiderfx.pl\/wp-content\/uploads\/2025\/12\/InsiderFX_white1.svg","contentUrl":"https:\/\/insiderfx.pl\/wp-content\/uploads\/2025\/12\/InsiderFX_white1.svg","width":210,"height":100,"caption":"InsiderFX | Finanse bez stresu"},"image":{"@id":"https:\/\/insiderfx.pl\/#\/schema\/logo\/image\/"},"sameAs":["https:\/\/www.facebook.com\/arkadiuszbalcerowski.insiderfx","https:\/\/x.com\/Insider_FX","https:\/\/www.youtube.com\/@InsiderFX_FinanseBezStresu","https:\/\/www.instagram.com\/insiderfx.finanse.bez.stresu\/","https:\/\/www.tiktok.com\/@insiderfx.finanse","https:\/\/www.linkedin.com\/in\/arkadiusz-balcerowski-cfa-53615914a\/"]}]}},"_links":{"self":[{"href":"https:\/\/insiderfx.pl\/en\/wp-json\/wp\/v2\/product\/30890","targetHints":{"allow":["GET"]}}],"collection":[{"href":"https:\/\/insiderfx.pl\/en\/wp-json\/wp\/v2\/product"}],"about":[{"href":"https:\/\/insiderfx.pl\/en\/wp-json\/wp\/v2\/types\/product"}],"replies":[{"embeddable":true,"href":"https:\/\/insiderfx.pl\/en\/wp-json\/wp\/v2\/comments?post=30890"}],"version-history":[{"count":5,"href":"https:\/\/insiderfx.pl\/en\/wp-json\/wp\/v2\/product\/30890\/revisions"}],"predecessor-version":[{"id":30904,"href":"https:\/\/insiderfx.pl\/en\/wp-json\/wp\/v2\/product\/30890\/revisions\/30904"}],"wp:featuredmedia":[{"embeddable":true,"href":"https:\/\/insiderfx.pl\/en\/wp-json\/wp\/v2\/media\/30893"}],"wp:attachment":[{"href":"https:\/\/insiderfx.pl\/en\/wp-json\/wp\/v2\/media?parent=30890"}],"wp:term":[{"taxonomy":"product_brand","embeddable":true,"href":"https:\/\/insiderfx.pl\/en\/wp-json\/wp\/v2\/product_brand?post=30890"},{"taxonomy":"product_cat","embeddable":true,"href":"https:\/\/insiderfx.pl\/en\/wp-json\/wp\/v2\/product_cat?post=30890"},{"taxonomy":"product_tag","embeddable":true,"href":"https:\/\/insiderfx.pl\/en\/wp-json\/wp\/v2\/product_tag?post=30890"}],"curies":[{"name":"wp","href":"https:\/\/api.w.org\/{rel}","templated":true}]}}